{"id":5,"date":"2018-07-05T10:12:18","date_gmt":"2018-07-05T10:12:18","guid":{"rendered":"https:\/\/ai3.ai\/?page_id=5"},"modified":"2025-03-27T06:44:22","modified_gmt":"2025-03-27T06:44:22","slug":"about-us","status":"publish","type":"page","link":"https:\/\/ai3.ai\/fr\/about-us\/","title":{"rendered":"\u00c0 PROPOS"},"content":{"rendered":"<div id=\"\" class=\"row \">\n<div id=\"\" class=\"col-12 col-lg-6 col-md- col-sm- col-xs-\">\n<h3>l&rsquo;Entreprise<\/h3>\nAI3 est un cabinet de conseil bas\u00e9 \u00e0 Montr\u00e9al qui se consacre exclusivement \u00e0 aider les clients \u00e0 adopter des technologies num\u00e9riques innovantes afin de transformer leur entreprise \u00e0 l&rsquo;\u00e8re num\u00e9rique. Fort de plus de 30 ans d\u2019exp\u00e9rience dans la cr\u00e9ation et la mise en \u0153uvre d\u2019innovations, en collaboration avec les principaux services mondiaux, le conseil en gestion et en technologie et la fourniture de solutions Accenture, Deloitte IBM et PwC, l\u2019\u00e9quipe d\u2019e AI3 a pour mission de guider les clients tout au long de la transformation num\u00e9rique massive qui affecte chaque secteur, chaque entreprise et chaque utilisateur final du monde entier.\n\n<\/div><div id=\"\" class=\"col-12 col-lg-6 col-md- col-sm- col-xs-\"><img loading=\"lazy\" decoding=\"async\" class=\"alignnone size-full wp-image-113\" src=\"https:\/\/ai3.ai\/wp-content\/uploads\/2018\/07\/company.png\" alt=\"\" width=\"600\" height=\"340\" srcset=\"https:\/\/ai3.ai\/wp-content\/uploads\/2018\/07\/company.png 600w, https:\/\/ai3.ai\/wp-content\/uploads\/2018\/07\/company-300x170.png 300w\" sizes=\"auto, (max-width: 600px) 100vw, 600px\" \/><\/div>\n<\/div>\n<div id=\"\" class=\"row \">\n<div id=\"\" class=\"col-12 order-last col-lg-6 col-md- col-sm- col-xs-\">\n<h3>Si\u00e8ge Social<\/h3>\nLe si\u00e8ge social de ai3 se trouve \u00e0 Montr\u00e9al au c\u0153ur d&rsquo;un des regions globale les plus connu pour leurs \u00e9cosyst\u00e8mes de l&rsquo;IA. ai3 tire parti de sa proximit\u00e9 avec les startups innovantes du num\u00e9rique et de l&rsquo;IA pour proposer des solutions aux clients du monde entier.\n\n<hr \/>\n\n<ul class=\"info\"><li><i class=\"icon-address\"><\/i>340 Rue du Champ-de-Mars Suite 112\r\nMontreal, Quebec H2Y 3Z8\r\nCanada<\/li><li><i class=\"icon-telephone\"><\/i><a href=\"tel:+1 514 601-3333\">+1 514 601-3333<\/a><\/li><li><i class=\"icon-email\"><\/i><a href=\"mailto:info@ai3.ai\">info@ai3.ai<\/a><\/li><\/ul>\n<\/div>\n<div id=\"\" class=\"col-12 col-lg-6 col-md- col-sm- col-xs-\"><img loading=\"lazy\" decoding=\"async\" class=\"alignnone size-full wp-image-111\" src=\"https:\/\/ai3.ai\/wp-content\/uploads\/2018\/07\/headquarter.png\" alt=\"\" width=\"610\" height=\"370\" srcset=\"https:\/\/ai3.ai\/wp-content\/uploads\/2018\/07\/headquarter.png 610w, https:\/\/ai3.ai\/wp-content\/uploads\/2018\/07\/headquarter-300x182.png 300w\" sizes=\"auto, (max-width: 610px) 100vw, 610px\" \/><\/div>\n<\/div>\n<div id=\"\" class=\"row \">\n<div id=\"\" class=\"col-12 col-lg-6 col-md- col-sm- col-xs-\">\n<h3>Partenariat<\/h3>\nAI3 travaille en partenariat avec des startups innovantes, des soci\u00e9t\u00e9s d&rsquo;IA \u00e9tablies et de grandes soci\u00e9t\u00e9s de conseil internationales pour aider ses clients \u00e0 mettre en \u0153uvre des initiatives de transformation num\u00e9rique.\n\n<\/div>\n<div id=\"\" class=\"col-12 col-lg-6 col-md- col-sm- col-xs-\"><img loading=\"lazy\" decoding=\"async\" class=\"alignnone size-full wp-image-112\" src=\"https:\/\/ai3.ai\/wp-content\/uploads\/2018\/07\/partnership.png\" alt=\"\" width=\"610\" height=\"540\" srcset=\"https:\/\/ai3.ai\/wp-content\/uploads\/2018\/07\/partnership.png 610w, https:\/\/ai3.ai\/wp-content\/uploads\/2018\/07\/partnership-300x266.png 300w\" sizes=\"auto, (max-width: 610px) 100vw, 610px\" \/><\/div>\n<\/div>","protected":false},"excerpt":{"rendered":"","protected":false},"author":1,"featured_media":0,"parent":0,"menu_order":2,"comment_status":"closed","ping_status":"closed","template":"","meta":{"two_page_speed":[],"footnotes":""},"class_list":["post-5","page","type-page","status-publish","hentry"],"_links":{"self":[{"href":"https:\/\/ai3.ai\/fr\/wp-json\/wp\/v2\/pages\/5","targetHints":{"allow":["GET"]}}],"collection":[{"href":"https:\/\/ai3.ai\/fr\/wp-json\/wp\/v2\/pages"}],"about":[{"href":"https:\/\/ai3.ai\/fr\/wp-json\/wp\/v2\/types\/page"}],"author":[{"embeddable":true,"href":"https:\/\/ai3.ai\/fr\/wp-json\/wp\/v2\/users\/1"}],"replies":[{"embeddable":true,"href":"https:\/\/ai3.ai\/fr\/wp-json\/wp\/v2\/comments?post=5"}],"version-history":[{"count":0,"href":"https:\/\/ai3.ai\/fr\/wp-json\/wp\/v2\/pages\/5\/revisions"}],"wp:attachment":[{"href":"https:\/\/ai3.ai\/fr\/wp-json\/wp\/v2\/media?parent=5"}],"curies":[{"name":"wp","href":"https:\/\/api.w.org\/{rel}","templated":true}]}}